{"id":39,"date":"2015-04-28T19:36:43","date_gmt":"2015-04-28T18:36:43","guid":{"rendered":"http:\/\/tecnomeridionaleit.droi.biz\/?page_id=39"},"modified":"2018-05-02T18:59:37","modified_gmt":"2018-05-02T17:59:37","slug":"pressa-raddrizza-cerchioni","status":"publish","type":"page","link":"https:\/\/tecnomeridionale.it\/?page_id=39","title":{"rendered":"Pressa raddrizza cerchioni"},"content":{"rendered":"<p><span style=\"font-family: Arial; font-size: small;\">PRESSA RADDRIZZA CERCHIONI E TORNIO<br \/>\nLa RSM 240 \u00e8 stata progettata e realizzata per consentire la raddrizzatura di qualunque tipo di cerchione in acciaio, alluminio e lega leggera con diametri compresi tra 13&#8243; e 24&#8243;. Il sistema utilizza un pistone azionato da una centralina idraulica che, opportunamente posizionato, preme sulla parte danneggiata del cerchio riportandolo alla sua forma originale. Questa operazione \u00e8 facilitata dall&#8217;ausilio di una<br \/>\nvasta serie di puntali sagomati che appoggiano perfettamente ai diversi profili del cerchione stesso. Il pistone \u00e8 inoltre provvisto di un sistema di regolazione della pressione completo di manometro (PRP100) per dosare la forza di spinta a seconda del materiale che si lavora.<br \/>\nLa RSM 240 \u00e8 inoltre corredata di un dispositivo di tornitura che consente, dopo che il cerchio \u00e8 stato raddrizzato, di eliminare le ammaccature presenti sul bordo. Utili accessori tra cui la velocit\u00e0 di rotazione del mandrino variabile completo di display per la lettura dei giri (VRV050) o il comparatore di precisione per il controllo (CPR150) sono disponibili a richiesta per soddisfare ogni esigenza.<\/span><\/p>\n<div id=\"attachment_46\" style=\"width: 573px\" class=\"wp-caption alignnone\"><img loading=\"lazy\" decoding=\"async\" aria-describedby=\"caption-attachment-46\" class=\"wp-image-46 size-full\" title=\"Attrezzatura per raddrizzatura cerchi in lega. La RSM 240 \u00e8 stata progettata e realizzata per consentire la raddrizzatura di qualunque tipo di cerchione in acciaio, alluminio e lega leggera. \" src=\"http:\/\/tecnomeridionale.it\/wp-content\/uploads\/2015\/04\/RSM240.jpg\" alt=\"RSM240 Attrezzatura per raddrizzatura cerchi in lega. La RSM 240 \u00e8 stata progettata e realizzata per consentire la raddrizzatura di qualunque tipo di cerchione in acciaio, alluminio e lega leggera. \" width=\"563\" height=\"491\" srcset=\"https:\/\/tecnomeridionale.it\/wp-content\/uploads\/2015\/04\/RSM240.jpg 563w, https:\/\/tecnomeridionale.it\/wp-content\/uploads\/2015\/04\/RSM240-300x262.jpg 300w, https:\/\/tecnomeridionale.it\/wp-content\/uploads\/2015\/04\/RSM240-550x480.jpg 550w, https:\/\/tecnomeridionale.it\/wp-content\/uploads\/2015\/04\/RSM240-230x201.jpg 230w\" sizes=\"auto, (max-width: 563px) 100vw, 563px\" \/><p id=\"caption-attachment-46\" class=\"wp-caption-text\">Attrezzatura per raddrizzatura cerchi in lega. La RSM 240 \u00e8 stata progettata e realizzata per consentire la raddrizzatura di qualunque tipo di cerchione in acciaio, alluminio e lega leggera.<\/p><\/div>\n<p>&nbsp;<\/p>\n\n\t\t<style type=\"text\/css\">\n\t\t\t#gallery-1 {\n\t\t\t\tmargin: auto;\n\t\t\t}\n\t\t\t#gallery-1 .gallery-item {\n\t\t\t\tfloat: left;\n\t\t\t\tmargin-top: 10px;\n\t\t\t\ttext-align: center;\n\t\t\t\twidth: 25%;\n\t\t\t}\n\t\t\t#gallery-1 img {\n\t\t\t\tborder: 2px solid #cfcfcf;\n\t\t\t}\n\t\t\t#gallery-1 .gallery-caption {\n\t\t\t\tmargin-left: 0;\n\t\t\t}\n\t\t\t\/* see gallery_shortcode() in wp-includes\/media.php *\/\n\t\t<\/style>\n\t\t<div id='gallery-1' class='gallery galleryid-39 gallery-columns-4 gallery-size-thumbnail'><dl class='gallery-item'>\n\t\t\t<dt class='gallery-icon portrait'>\n\t\t\t\t<img loading=\"lazy\" decoding=\"async\" width=\"74\" height=\"123\" src=\"https:\/\/tecnomeridionale.it\/wp-content\/uploads\/2015\/04\/part4.jpg\" class=\"attachment-thumbnail size-thumbnail\" alt=\"\" \/>\n\t\t\t<\/dt><\/dl><dl class='gallery-item'>\n\t\t\t<dt class='gallery-icon landscape'>\n\t\t\t\t<img loading=\"lazy\" decoding=\"async\" width=\"150\" height=\"121\" src=\"https:\/\/tecnomeridionale.it\/wp-content\/uploads\/2015\/04\/part1-150x121.jpg\" class=\"attachment-thumbnail size-thumbnail\" alt=\"\" \/>\n\t\t\t<\/dt><\/dl><dl class='gallery-item'>\n\t\t\t<dt class='gallery-icon landscape'>\n\t\t\t\t<img loading=\"lazy\" decoding=\"async\" width=\"150\" height=\"123\" src=\"https:\/\/tecnomeridionale.it\/wp-content\/uploads\/2015\/04\/part2-150x123.jpg\" class=\"attachment-thumbnail size-thumbnail\" alt=\"\" \/>\n\t\t\t<\/dt><\/dl><dl class='gallery-item'>\n\t\t\t<dt class='gallery-icon portrait'>\n\t\t\t\t<img loading=\"lazy\" decoding=\"async\" width=\"74\" height=\"121\" src=\"https:\/\/tecnomeridionale.it\/wp-content\/uploads\/2015\/04\/part3.jpg\" class=\"attachment-thumbnail size-thumbnail\" alt=\"\" \/>\n\t\t\t<\/dt><\/dl><br style=\"clear: both\" \/>\n\t\t<\/div>\n\n<p>&nbsp;<\/p>\n<p>&nbsp;<\/p>\n<div style=\"width: 464px;\" class=\"wp-video\"><video class=\"wp-video-shortcode\" id=\"video-39-1\" width=\"464\" height=\"368\" preload=\"metadata\" controls=\"controls\"><source type=\"video\/mp4\" src=\"http:\/\/tecnomeridionale.it\/wp-content\/uploads\/2018\/05\/Pressa-ripara-cerchioni-RSM-240-.mp4-.mp4?_=1\" \/><a href=\"http:\/\/tecnomeridionale.it\/wp-content\/uploads\/2018\/05\/Pressa-ripara-cerchioni-RSM-240-.mp4-.mp4\">http:\/\/tecnomeridionale.it\/wp-content\/uploads\/2018\/05\/Pressa-ripara-cerchioni-RSM-240-.mp4-.mp4<\/a><\/video><\/div>\n<p>&nbsp;<\/p>\n<p><span style=\"color: #ffffff;\">Attrezzatura per raddrizzatura cerchi in lega. La RSM 240 \u00e8 stata progettata e realizzata per consentire la raddrizzatura di qualunque tipo di cerchione in acciaio, alluminio e lega leggera. Raddrizza cerchi da 10\u201d a 27\u201d completa di verificatore di rotondit\u00e0 .La RSM &#8211; Rims Straightening Machine \u00e8 stata appositamente progettata per un lavoro che da molti viene considerato marginale, mentre spesso ha una rilevanza economica importante. Con questa macchina \u00e8 possibile raddrizzare qualunque tipo di cerchione, sia in lega che in acciaio, riportandolo alla condizione ottimale.<\/span><\/p>\n<p><span style=\"color: #ffffff;\">Pressa ripara cerchioni &#8211; RSM 240<\/span><br \/>\n<span style=\"color: #ffffff;\"> La RSM 240 \u00e8 stata progettata e realizzata per consentire la raddrizzatura di qualunque tipo di cerchione in acciaio, alluminio e lega leggera con diametri compresi tra 10&#8243; e 24&#8243;. Il sistema utilizza un pistone azionato da una centralina idraulica che, opportunamente posizionato, preme sulla parte danneggiata del cerchio riportandolo alla sua forma originale. Questa operazione \u00e8 facilitata dall&#8217;ausilio di una vasta serie di puntali sagomati che appoggiano perfettamente ai diversi profili del cerchione stesso. Il pistone \u00e8 inoltre provvisto di un sistema di regolazione della pressione completo di manometro (PRP100) per dosare la forza di spinta a seconda del materiale che si lavora.<\/span><\/p>\n","protected":false},"excerpt":{"rendered":"<p>PRESSA RADDRIZZA CERCHIONI E TORNIO La RSM 240 \u00e8 stata progettata e realizzata per consentire la raddrizzatura di qualunque tipo di cerchione in acciaio, alluminio e lega leggera con diametri compresi tra 13&#8243; e 24&#8243;. Il sistema utilizza un pistone azionato da una centralina idraulica che, opportunamente posizionato, preme sulla&hellip; <\/p>\n","protected":false},"author":1,"featured_media":0,"parent":0,"menu_order":30,"comment_status":"closed","ping_status":"closed","template":"","meta":{"footnotes":""},"class_list":["post-39","page","type-page","status-publish","hentry"],"_links":{"self":[{"href":"https:\/\/tecnomeridionale.it\/index.php?rest_route=\/wp\/v2\/pages\/39","targetHints":{"allow":["GET"]}}],"collection":[{"href":"https:\/\/tecnomeridionale.it\/index.php?rest_route=\/wp\/v2\/pages"}],"about":[{"href":"https:\/\/tecnomeridionale.it\/index.php?rest_route=\/wp\/v2\/types\/page"}],"author":[{"embeddable":true,"href":"https:\/\/tecnomeridionale.it\/index.php?rest_route=\/wp\/v2\/users\/1"}],"replies":[{"embeddable":true,"href":"https:\/\/tecnomeridionale.it\/index.php?rest_route=%2Fwp%2Fv2%2Fcomments&post=39"}],"version-history":[{"count":13,"href":"https:\/\/tecnomeridionale.it\/index.php?rest_route=\/wp\/v2\/pages\/39\/revisions"}],"predecessor-version":[{"id":137,"href":"https:\/\/tecnomeridionale.it\/index.php?rest_route=\/wp\/v2\/pages\/39\/revisions\/137"}],"wp:attachment":[{"href":"https:\/\/tecnomeridionale.it\/index.php?rest_route=%2Fwp%2Fv2%2Fmedia&parent=39"}],"curies":[{"name":"wp","href":"https:\/\/api.w.org\/{rel}","templated":true}]}}